{"id":113,"date":"2013-02-27T06:54:11","date_gmt":"2013-02-27T06:54:11","guid":{"rendered":"http:\/\/kuyayky.com\/nuv\/?page_id=113"},"modified":"2017-07-11T17:44:55","modified_gmt":"2017-07-11T21:44:55","slug":"news","status":"publish","type":"page","link":"https:\/\/kuyayky.com\/?page_id=113","title":{"rendered":"NEWS"},"content":{"rendered":"<p>[fts_facebook type=page id=kuyaykymusic posts=6 posts_displayed=page_only]<\/p>\n<p>&nbsp;<\/p>\n<figure id=\"attachment_237\" aria-describedby=\"caption-attachment-237\" style=\"width: 606px\" class=\"wp-caption alignnone\"><a href=\"http:\/\/kuyayky.com\/nuv\/wp-content\/uploads\/2013\/02\/kcoenLima.jpg\"><img loading=\"lazy\" decoding=\"async\" class=\" wp-image-237\" src=\"http:\/\/kuyayky.com\/nuv\/wp-content\/uploads\/2013\/02\/kcoenLima.jpg\" alt=\"La Orquesta Sinf\u00f3nica Infantil de Jauja Kuyayky estar\u00e1 llegando a Lima el pr\u00f3ximo  16 de Abril  para recibir un reconocimiento especial en el Congreso de la  Republica y para realizar varios conciertos con un repertorio de m\u00fasica tradicional y cl\u00e1sica.\" width=\"606\" height=\"634\" srcset=\"https:\/\/kuyayky.com\/wp-content\/uploads\/2013\/02\/kcoenLima.jpg 770w, https:\/\/kuyayky.com\/wp-content\/uploads\/2013\/02\/kcoenLima-286x300.jpg 286w\" sizes=\"auto, (max-width: 606px) 100vw, 606px\" \/><\/a><figcaption id=\"caption-attachment-237\" class=\"wp-caption-text\">La Orquesta Sinf\u00f3nica Infantil de Jauja Kuyayky estar\u00e1 llegando a<br \/>Lima el pr\u00f3ximo 16 de Abril para recibir un reconocimiento especial en el Congreso de la<br \/>Republica y para realizar varios conciertos con un repertorio de m\u00fasica tradicional y cl\u00e1sica.<\/figcaption><\/figure>\n<p><a href=\"http:\/\/kuyayky.com\/nuv\/wp-content\/uploads\/2013\/02\/choclote.png\"><img loading=\"lazy\" decoding=\"async\" class=\" wp-image-213 aligncenter\" src=\"http:\/\/kuyayky.com\/nuv\/wp-content\/uploads\/2013\/02\/choclote.png\" alt=\"choclote\" width=\"553\" height=\"433\" srcset=\"https:\/\/kuyayky.com\/wp-content\/uploads\/2013\/02\/choclote.png 809w, https:\/\/kuyayky.com\/wp-content\/uploads\/2013\/02\/choclote-300x234.png 300w\" sizes=\"auto, (max-width: 553px) 100vw, 553px\" \/><\/a><\/p>\n<p style=\"text-align: center;\">A Conversation with Jaime Choclote, Friday November 8th at 8pm at the Home of the Hurtado Family 10916 NW 2nd Avenue Miami Shores, FL<\/p>\n<figure id=\"attachment_203\" aria-describedby=\"caption-attachment-203\" style=\"width: 409px\" class=\"wp-caption aligncenter\"><a href=\"http:\/\/kuyayky.com\/nuv\/wp-content\/uploads\/2013\/02\/takionqoy.png\"><img loading=\"lazy\" decoding=\"async\" class=\"size-full wp-image-203\" src=\"http:\/\/kuyayky.com\/nuv\/wp-content\/uploads\/2013\/02\/takionqoy.png\" alt=\"OCTOBER 13TH! EL 13 DE OCTUBRE LES TRAEMOS &quot;TAKI ONQOY!&quot; 521 Years Later the Native Music of the Americas Survives! Kuyayky Children Orchestra Fellows and Special Guests present- Taki Onqoy! Premiering a repertoire of Andean and Latin American pieces arranged for classical performance. Don't Miss it!\" width=\"409\" height=\"703\" srcset=\"https:\/\/kuyayky.com\/wp-content\/uploads\/2013\/02\/takionqoy.png 409w, https:\/\/kuyayky.com\/wp-content\/uploads\/2013\/02\/takionqoy-174x300.png 174w\" sizes=\"auto, (max-width: 409px) 100vw, 409px\" \/><\/a><figcaption id=\"caption-attachment-203\" class=\"wp-caption-text\"><strong>OCTOBER 13TH! EL 13 DE OCTUBRE LES TRAEMOS &#8220;TAKI ONQOY!&#8221;<\/strong><br \/><strong>521 Years Later the Native Music of the Americas Survives!<\/strong><br \/><strong>Kuyayky Children Orchestra Fellows and Special Guests present- Taki Onqoy! Premiering a repertoire of Andean and Latin American pieces arranged for classical performance. Don&#8217;t Miss it!<\/strong><\/figcaption><\/figure>\n<p>[divider]<\/p>\n<figure id=\"attachment_200\" aria-describedby=\"caption-attachment-200\" style=\"width: 398px\" class=\"wp-caption aligncenter\"><a href=\"http:\/\/kuyayky.com\/nuv\/wp-content\/uploads\/2013\/02\/Inkarri-RicardoLLerena.jpg\"><img loading=\"lazy\" decoding=\"async\" class=\"size-full wp-image-200\" src=\"http:\/\/kuyayky.com\/nuv\/wp-content\/uploads\/2013\/02\/Inkarri-RicardoLLerena.jpg\" alt=\"We are bringing you 2013 Peruvian National Marinera Champion Ricardo Llerena who will come all the way from Peru's northern coast in Trujillo to the Cinema Paradiso stage in Las Olas for our show INKARRI, this Sunday Sept. 22nd! Don't Miss It! \" width=\"398\" height=\"695\" srcset=\"https:\/\/kuyayky.com\/wp-content\/uploads\/2013\/02\/Inkarri-RicardoLLerena.jpg 398w, https:\/\/kuyayky.com\/wp-content\/uploads\/2013\/02\/Inkarri-RicardoLLerena-171x300.jpg 171w\" sizes=\"auto, (max-width: 398px) 100vw, 398px\" \/><\/a><figcaption id=\"caption-attachment-200\" class=\"wp-caption-text\"><strong>We are bringing you 2013 Peruvian National Marinera Champion Ricardo Llerena who will come all the way from Peru&#8217;s northern coast in Trujillo to the Cinema Paradiso stage in Las Olas for our show INKARRI, this Sunday Sept. 22nd! Don&#8217;t Miss It!<\/strong><\/figcaption><\/figure>\n<p><a href=\"http:\/\/kuyayky.com\/nuv\/wp-content\/uploads\/2013\/02\/inkarri.jpg\"><img loading=\"lazy\" decoding=\"async\" class=\"alignnone size-full wp-image-197\" src=\"http:\/\/kuyayky.com\/nuv\/wp-content\/uploads\/2013\/02\/inkarri.jpg\" alt=\"inkarri\" width=\"623\" height=\"947\" srcset=\"https:\/\/kuyayky.com\/wp-content\/uploads\/2013\/02\/inkarri.jpg 623w, https:\/\/kuyayky.com\/wp-content\/uploads\/2013\/02\/inkarri-197x300.jpg 197w\" sizes=\"auto, (max-width: 623px) 100vw, 623px\" \/><\/a>[divider]<\/p>\n<figure id=\"attachment_204\" aria-describedby=\"caption-attachment-204\" style=\"width: 500px\" class=\"wp-caption alignnone\"><a href=\"http:\/\/kuyayky.com\/nuv\/wp-content\/uploads\/2013\/02\/1149783_10152118537308047_730499621_o.jpg\"><img loading=\"lazy\" decoding=\"async\" class=\" wp-image-204  \" src=\"http:\/\/kuyayky.com\/nuv\/wp-content\/uploads\/2013\/02\/1149783_10152118537308047_730499621_o-300x141.jpg\" alt=\"Musicians from the U.S. and Latin America unite under the Lakota concept &quot;Aho!&quot; to find common ground between the Indigenous and Non Indigenous through music.\" width=\"500\" height=\"241\" \/><\/a><figcaption id=\"caption-attachment-204\" class=\"wp-caption-text\"><strong>Musicians from the U.S. and Latin America unite under the Lakota concept &#8220;Aho!&#8221; to find common ground between the Indigenous and Non Indigenous through music.<\/strong><\/figcaption><\/figure>\n<p>[divider]<\/p>\n<figure id=\"attachment_187\" aria-describedby=\"caption-attachment-187\" style=\"width: 600px\" class=\"wp-caption alignnone\"><a href=\"http:\/\/kuyayky.com\/nuv\/?_escaped_fragment_=?page_id=181\"><img loading=\"lazy\" decoding=\"async\" class=\"size-full wp-image-187 \" title=\"Hanan Pacha\" src=\"http:\/\/kuyayky.com\/nuv\/wp-content\/uploads\/2013\/05\/HananPachaforWebsite-e1368819204226.png\" alt=\"HananPachaforWebsite\" width=\"600\" height=\"276\" \/><\/a><figcaption id=\"caption-attachment-187\" class=\"wp-caption-text\"><strong>Hanan Pacha: reencuentro de los Incas, un viaje a trav\u00e9s de la m\u00fasica y danza desde las Pampas Argentinas a los Andes Peruanos. Live at the Area Stage Company 1560 South Dixie Highway Coral Gables, FL 33146<\/strong><\/figcaption><\/figure>\n<p>&nbsp;<\/p>\n<p style=\"text-align: center;\">[divider]<\/p>\n<p style=\"text-align: center;\">\u00a0<img loading=\"lazy\" decoding=\"async\" class=\" wp-image-165   \" src=\"http:\/\/kuyayky.com\/nuv\/wp-content\/uploads\/2013\/02\/901997_10151413365914141_1382332531_o.jpg\" alt=\"windcolorsrelease\" width=\"537\" height=\"414\" srcset=\"https:\/\/kuyayky.com\/wp-content\/uploads\/2013\/02\/901997_10151413365914141_1382332531_o.jpg 1163w, https:\/\/kuyayky.com\/wp-content\/uploads\/2013\/02\/901997_10151413365914141_1382332531_o-300x230.jpg 300w, https:\/\/kuyayky.com\/wp-content\/uploads\/2013\/02\/901997_10151413365914141_1382332531_o-1024x788.jpg 1024w\" sizes=\"auto, (max-width: 537px) 100vw, 537px\" \/><\/p>\n<dl id=\"attachment_165\" class=\"wp-caption alignnone\" style=\"width: 547px;\">\n<dd class=\"wp-caption-dd\"><strong>The Kuyayky Foundation is proud to present acclaimed Peruvian trumpet player Fredy Fuertes and a very special performance by Serbian concert pianist Tatjana Surev, who together will introduce Fuertes&#8217; new album \u201cWind Colors\u201d on Friday May 10th. Join us in a performance where classical music will meet Andean traditions and sounds.<\/strong><\/dd>\n<\/dl>\n<p>[divider]<\/p>\n<figure id=\"attachment_114\" aria-describedby=\"caption-attachment-114\" style=\"width: 547px\" class=\"wp-caption alignnone\"><a href=\"http:\/\/kuyayky.com\/nuv\/wp-content\/uploads\/2013\/02\/Screen-shot-2013-02-27-at-1.38.26-AM.png\" target=\"_blank\"><img loading=\"lazy\" decoding=\"async\" class=\" wp-image-114  \" src=\"http:\/\/kuyayky.com\/nuv\/wp-content\/uploads\/2013\/02\/Screen-shot-2013-02-27-at-1.38.26-AM.png\" alt=\"Screen shot 2013-02-27 at 1.38.26 AM\" width=\"547\" height=\"346\" \/><\/a><figcaption id=\"caption-attachment-114\" class=\"wp-caption-text\"><strong>The Museum of Art of Fort Lauderdale presents Kuyayky&#8217;s new concert &#8220;Nokayku Wari&#8221;<\/strong><br \/><strong>&#8220;The central Andes is one of only four places in the world where civilization emerged independently&#8230;The Wari ascended to power in the south-central highlands of Peru (AD600-AD1000)&#8230;the arts were crucial to their political, economic and religious systems&#8230;since the Wari did not write, the arts took on special roles in preserving and communicating information&#8221; -Susan E. Bergh, Curator of the Wari Pre-Inca Lords of Peru Exhibit<\/strong><\/figcaption><\/figure>\n<p>&nbsp;<\/p>\n<p>Friday March 8, 2013, \u00a07 pm <a href=\"http:\/\/www.moafl.org\/home\/events\/2013\/03\/08\/performance-kuyayky#.US4gkI6dRMY\">*Click here to reserve your seats.<\/a><\/p>\n<p>[divider]<\/p>\n<p>&nbsp;<\/p>\n","protected":false},"excerpt":{"rendered":"<p>[fts_facebook type=page id=kuyaykymusic posts=6 posts_displayed=page_only] &nbsp; A Conversation with Jaime Choclote, Friday November 8th at 8pm at the Home of the Hurtado Family 10916 NW 2nd Avenue Miami Shores, FL [divider] [divider] [divider] &nbsp; [divider] \u00a0 The Kuyayky Foundation is proud to present acclaimed Peruvian trumpet player Fredy Fuertes and a very special performance by [&hellip;]<\/p>\n","protected":false},"author":2,"featured_media":0,"parent":0,"menu_order":0,"comment_status":"open","ping_status":"open","template":"","meta":{"footnotes":""},"class_list":["post-113","page","type-page","status-publish","hentry"],"_links":{"self":[{"href":"https:\/\/kuyayky.com\/index.php?rest_route=\/wp\/v2\/pages\/113","targetHints":{"allow":["GET"]}}],"collection":[{"href":"https:\/\/kuyayky.com\/index.php?rest_route=\/wp\/v2\/pages"}],"about":[{"href":"https:\/\/kuyayky.com\/index.php?rest_route=\/wp\/v2\/types\/page"}],"author":[{"embeddable":true,"href":"https:\/\/kuyayky.com\/index.php?rest_route=\/wp\/v2\/users\/2"}],"replies":[{"embeddable":true,"href":"https:\/\/kuyayky.com\/index.php?rest_route=%2Fwp%2Fv2%2Fcomments&post=113"}],"version-history":[{"count":53,"href":"https:\/\/kuyayky.com\/index.php?rest_route=\/wp\/v2\/pages\/113\/revisions"}],"predecessor-version":[{"id":383,"href":"https:\/\/kuyayky.com\/index.php?rest_route=\/wp\/v2\/pages\/113\/revisions\/383"}],"wp:attachment":[{"href":"https:\/\/kuyayky.com\/index.php?rest_route=%2Fwp%2Fv2%2Fmedia&parent=113"}],"curies":[{"name":"wp","href":"https:\/\/api.w.org\/{rel}","templated":true}]}}